{"id":88,"date":"2015-08-20T16:58:47","date_gmt":"2015-08-20T19:58:47","guid":{"rendered":"http:\/\/www.brasillink.net.br\/?page_id=88"},"modified":"2015-09-18T11:05:31","modified_gmt":"2015-09-18T14:05:31","slug":"sobre-nos","status":"publish","type":"page","link":"https:\/\/www.brasillink.net.br\/pb\/sobre-nos","title":{"rendered":"SOBRE N\u00d3S"},"content":{"rendered":"<p><b>A Brasil Link \u00e9 uma empresa focada em conectividade desde 2005, oferecendo ao mercado corporativo consultoria em Telecom. Atrav\u00e9s de seu atendimento inovador e qualificado proporciona\u00a0aos seus clientes efic\u00e1cia nos seus resultados com seguran\u00e7a e agrega a sua empresa uma tecnologia de ponta com custo e\u00a0benef\u00edcios\u00a0nas solu\u00e7\u00f5es\u00a0junto aos seus clientes.<\/b><\/p>\n<p>A Brasil Link possui uma vasta rede de atendimento a n\u00edvel Nacional, devido as grandes parcerias e contratos firmados junto as renomadas Operadoras de Telecom do Brasil.<\/p>\n<p>Oferecemos tamb\u00e9m solu\u00e7\u00f5es customizadas em redes independentes com provedores de grande porte, devido h\u00e1 acordos paralelos firmados com nossos pr\u00f3prios clientes proporcionando uma maior capilaridade em nossa \u00e1rea de atendimento.<\/p>\n<p>Possui Networking nas maiores Telecom do Brasil com equipes de engenharia devidamente qualificadas.<\/p>\n<p>Profissionais com vasto conhecimento no segmento proporcionando mais seguran\u00e7a flexibilidade e transpar\u00eancia nas solu\u00e7\u00f5es para sua empresa.<\/p>\n<p>Fazendo da Brasil Link um N\u00daCLEO de solu\u00e7\u00f5es para sua empresa ofertando servi\u00e7os e equipamentos.<\/p>\n<p>&nbsp;<\/p>\n<h3>Uma empresa Generosa<\/h3>\n<p><b><br \/>\nBuscamos sempre deixar de lado nossos pr\u00f3prios interesses para ajudar nossos clientes e parceiros.<br \/>\n<script>\n  (function(i,s,o,g,r,a,m){i['GoogleAnalyticsObject']=r;i[r]=i[r]||function(){\n  (i[r].q=i[r].q||[]).push(arguments)},i[r].l=1*new Date();a=s.createElement(o),\n  m=s.getElementsByTagName(o)[0];a.async=1;a.src=g;m.parentNode.insertBefore(a,m)\n  })(window,document,'script','\/\/www.google-analytics.com\/analytics.js','ga');<\/p>\n<p>  ga('create', 'UA-67780907-1', 'auto');\n  ga('send', 'pageview');<\/p>\n<p><\/script><br \/>\n<\/b><\/p>","protected":false},"excerpt":{"rendered":"<p>A Brasil Link \u00e9 uma empresa focada em conectividade desde 2005, oferecendo ao mercado corporativo consultoria em Telecom. Atrav\u00e9s de seu atendimento inovador e qualificado proporciona\u00a0aos seus clientes efic\u00e1cia nos seus resultados com seguran\u00e7a e agrega a sua empresa uma tecnologia de ponta com custo e\u00a0benef\u00edcios\u00a0nas solu\u00e7\u00f5es\u00a0junto aos seus clientes. A Brasil Link possui uma [&hellip;]<\/p>\n","protected":false},"author":1,"featured_media":89,"parent":0,"menu_order":0,"comment_status":"closed","ping_status":"closed","template":"","meta":{"footnotes":""},"class_list":["post-88","page","type-page","status-publish","has-post-thumbnail","hentry"],"_links":{"self":[{"href":"https:\/\/www.brasillink.net.br\/pb\/wp-json\/wp\/v2\/pages\/88"}],"collection":[{"href":"https:\/\/www.brasillink.net.br\/pb\/wp-json\/wp\/v2\/pages"}],"about":[{"href":"https:\/\/www.brasillink.net.br\/pb\/wp-json\/wp\/v2\/types\/page"}],"author":[{"embeddable":true,"href":"https:\/\/www.brasillink.net.br\/pb\/wp-json\/wp\/v2\/users\/1"}],"replies":[{"embeddable":true,"href":"https:\/\/www.brasillink.net.br\/pb\/wp-json\/wp\/v2\/comments?post=88"}],"version-history":[{"count":14,"href":"https:\/\/www.brasillink.net.br\/pb\/wp-json\/wp\/v2\/pages\/88\/revisions"}],"predecessor-version":[{"id":385,"href":"https:\/\/www.brasillink.net.br\/pb\/wp-json\/wp\/v2\/pages\/88\/revisions\/385"}],"wp:featuredmedia":[{"embeddable":true,"href":"https:\/\/www.brasillink.net.br\/pb\/wp-json\/wp\/v2\/media\/89"}],"wp:attachment":[{"href":"https:\/\/www.brasillink.net.br\/pb\/wp-json\/wp\/v2\/media?parent=88"}],"curies":[{"name":"wp","href":"https:\/\/api.w.org\/{rel}","templated":true}]}}