{"id":71,"date":"2015-08-19T14:59:44","date_gmt":"2015-08-19T17:59:44","guid":{"rendered":"http:\/\/www.brasillink.net.br\/?page_id=71"},"modified":"2015-08-21T21:04:52","modified_gmt":"2015-08-22T00:04:52","slug":"parceiros","status":"publish","type":"page","link":"https:\/\/www.brasillink.net.br\/pb\/parceiros","title":{"rendered":"Parceiros"},"content":{"rendered":"<p>Uma ampla e efetiva rede de parceiros com alto grau de qualidade e especializa\u00e7\u00e3o para garantir o sucesso de seus clientes, em um mercado de crescente complexidade.<br \/>\nOs parceiros complementam compet\u00eancias, aportam conhecimentos e nos possibilita oferecer as melhores solu\u00e7\u00f5es em data center e conting\u00eancia do mercado. As parcerias tecnol\u00f3gicas envolvem empresas l\u00edderes no mercado mundial de infraestrutura e tecnologia, al\u00e9m de consultorias, integradoras e operadoras de telecomunica\u00e7\u00f5es.<br \/>\nS\u00e3o elas:<\/p>\n<p>\n        <img loading=\"lazy\" decoding=\"async\" src=\"http:\/\/www.brasillink.net.br\/wp-content\/uploads\/2015\/08\/imagem-parceiros.jpg\" alt=\"imagem-parceiros\" width=\"946\" height=\"336\" class=\"alignnone size-full wp-image-137 colorbox-71\" srcset=\"https:\/\/www.brasillink.net.br\/wp-content\/uploads\/2015\/08\/imagem-parceiros.jpg 946w, https:\/\/www.brasillink.net.br\/wp-content\/uploads\/2015\/08\/imagem-parceiros-150x53.jpg 150w\" sizes=\"(max-width: 946px) 100vw, 946px\" \/>\n    <\/p>\n<p><\/p>","protected":false},"excerpt":{"rendered":"<p>Uma ampla e efetiva rede de parceiros com alto grau de qualidade e especializa\u00e7\u00e3o para garantir o sucesso de seus clientes, em um mercado de crescente complexidade. Os parceiros complementam compet\u00eancias, aportam conhecimentos e nos possibilita oferecer as melhores solu\u00e7\u00f5es em data center e conting\u00eancia do mercado. As parcerias tecnol\u00f3gicas envolvem empresas l\u00edderes no mercado [&hellip;]<\/p>\n","protected":false},"author":1,"featured_media":139,"parent":0,"menu_order":0,"comment_status":"closed","ping_status":"closed","template":"","meta":{"footnotes":""},"class_list":["post-71","page","type-page","status-publish","has-post-thumbnail","hentry"],"_links":{"self":[{"href":"https:\/\/www.brasillink.net.br\/pb\/wp-json\/wp\/v2\/pages\/71"}],"collection":[{"href":"https:\/\/www.brasillink.net.br\/pb\/wp-json\/wp\/v2\/pages"}],"about":[{"href":"https:\/\/www.brasillink.net.br\/pb\/wp-json\/wp\/v2\/types\/page"}],"author":[{"embeddable":true,"href":"https:\/\/www.brasillink.net.br\/pb\/wp-json\/wp\/v2\/users\/1"}],"replies":[{"embeddable":true,"href":"https:\/\/www.brasillink.net.br\/pb\/wp-json\/wp\/v2\/comments?post=71"}],"version-history":[{"count":3,"href":"https:\/\/www.brasillink.net.br\/pb\/wp-json\/wp\/v2\/pages\/71\/revisions"}],"predecessor-version":[{"id":138,"href":"https:\/\/www.brasillink.net.br\/pb\/wp-json\/wp\/v2\/pages\/71\/revisions\/138"}],"wp:featuredmedia":[{"embeddable":true,"href":"https:\/\/www.brasillink.net.br\/pb\/wp-json\/wp\/v2\/media\/139"}],"wp:attachment":[{"href":"https:\/\/www.brasillink.net.br\/pb\/wp-json\/wp\/v2\/media?parent=71"}],"curies":[{"name":"wp","href":"https:\/\/api.w.org\/{rel}","templated":true}]}}